{"id":2001,"date":"2023-07-24T10:28:30","date_gmt":"2023-07-24T09:28:30","guid":{"rendered":"http:\/\/arca-plus.com\/?page_id=2001"},"modified":"2024-10-15T08:35:47","modified_gmt":"2024-10-15T07:35:47","slug":"convocatories","status":"publish","type":"page","link":"https:\/\/arca-plus.com\/es\/convocatorias\/","title":{"rendered":"Convocatorias"},"content":{"rendered":"<div data-elementor-type=\"wp-page\" data-elementor-id=\"2001\" class=\"elementor elementor-2001\" data-elementor-post-type=\"page\">\n\t\t\t\t\t\t<section class=\"elementor-section elementor-top-section elementor-element elementor-element-1104e398 elementor-section-full_width elementor-section-height-min-height elementor-section-height-default elementor-section-items-middle\" data-id=\"1104e398\" data-element_type=\"section\" data-settings=\"{&quot;background_background&quot;:&quot;classic&quot;}\">\n\t\t\t\t\t\t\t<div class=\"elementor-background-overlay\"><\/div>\n\t\t\t\t\t\t\t<div class=\"elementor-container elementor-column-gap-no\">\n\t\t\t\t\t<div class=\"elementor-column elementor-col-100 elementor-top-column elementor-element elementor-element-4a65202f\" data-id=\"4a65202f\" data-element_type=\"column\">\n\t\t\t<div class=\"elementor-widget-wrap elementor-element-populated\">\n\t\t\t\t\t\t<section class=\"elementor-section elementor-inner-section elementor-element elementor-element-488c234f elementor-section-boxed elementor-section-height-default elementor-section-height-default\" data-id=\"488c234f\" data-element_type=\"section\">\n\t\t\t\t\t\t<div class=\"elementor-container elementor-column-gap-default\">\n\t\t\t\t\t<div class=\"elementor-column elementor-col-100 elementor-inner-column elementor-element elementor-element-6978b596\" data-id=\"6978b596\" data-element_type=\"column\">\n\t\t\t<div class=\"elementor-widget-wrap elementor-element-populated\">\n\t\t\t\t\t\t<div class=\"elementor-element elementor-element-344085b8 elementor-widget elementor-widget-text-editor\" data-id=\"344085b8\" data-element_type=\"widget\" data-widget_type=\"text-editor.default\">\n\t\t\t\t<div class=\"elementor-widget-container\">\n\t\t\t\t\t\t\t<p>Convocatorias<\/p>\t\t\t\t\t\t<\/div>\n\t\t\t\t<\/div>\n\t\t\t\t<div class=\"elementor-element elementor-element-b1357d7 elementor-align-center elementor-widget elementor-widget-breadcrumbs\" data-id=\"b1357d7\" data-element_type=\"widget\" data-widget_type=\"breadcrumbs.default\">\n\t\t\t\t<div class=\"elementor-widget-container\">\n\t\t\t<p id=\"breadcrumbs\"><span><span><a href=\"https:\/\/arca-plus.com\/es\">Hombre<\/a><\/span><\/span><\/p>\t\t<\/div>\n\t\t\t\t<\/div>\n\t\t\t\t\t<\/div>\n\t\t<\/div>\n\t\t\t\t\t<\/div>\n\t\t<\/section>\n\t\t\t\t<section class=\"elementor-section elementor-inner-section elementor-element elementor-element-76224033 elementor-section-boxed elementor-section-height-default elementor-section-height-default\" data-id=\"76224033\" data-element_type=\"section\">\n\t\t\t\t\t\t<div class=\"elementor-container elementor-column-gap-default\">\n\t\t\t\t\t<div class=\"elementor-column elementor-col-100 elementor-inner-column elementor-element elementor-element-576f2aaf\" data-id=\"576f2aaf\" data-element_type=\"column\">\n\t\t\t<div class=\"elementor-widget-wrap elementor-element-populated\">\n\t\t\t\t\t\t<div class=\"elementor-element elementor-element-348d41a8 elementor-absolute elementor-view-default elementor-widget elementor-widget-icon\" data-id=\"348d41a8\" data-element_type=\"widget\" data-settings=\"{&quot;_position&quot;:&quot;absolute&quot;}\" data-widget_type=\"icon.default\">\n\t\t\t\t<div class=\"elementor-widget-container\">\n\t\t\t\t\t<div class=\"elementor-icon-wrapper\">\n\t\t\t<a class=\"elementor-icon\" href=\"#quan\">\n\t\t\t<i aria-hidden=\"true\" class=\"fas fa-angle-down\"><\/i>\t\t\t<\/a>\n\t\t<\/div>\n\t\t\t\t<\/div>\n\t\t\t\t<\/div>\n\t\t\t\t\t<\/div>\n\t\t<\/div>\n\t\t\t\t\t<\/div>\n\t\t<\/section>\n\t\t\t\t\t<\/div>\n\t\t<\/div>\n\t\t\t\t\t<\/div>\n\t\t<\/section>\n\t\t\t\t<section class=\"elementor-section elementor-top-section elementor-element elementor-element-4a2af56e elementor-section-full_width elementor-section-height-min-height elementor-hidden-mobile elementor-section-height-default elementor-section-items-middle\" data-id=\"4a2af56e\" data-element_type=\"section\">\n\t\t\t\t\t\t<div class=\"elementor-container elementor-column-gap-default\">\n\t\t\t\t\t<div class=\"elementor-column elementor-col-100 elementor-top-column elementor-element elementor-element-6e0baaa7\" data-id=\"6e0baaa7\" data-element_type=\"column\">\n\t\t\t<div class=\"elementor-widget-wrap elementor-element-populated\">\n\t\t\t\t\t\t<section class=\"elementor-section elementor-inner-section elementor-element elementor-element-5c1d9795 elementor-section-boxed elementor-section-height-default elementor-section-height-default\" data-id=\"5c1d9795\" data-element_type=\"section\">\n\t\t\t\t\t\t<div class=\"elementor-container elementor-column-gap-default\">\n\t\t\t\t\t<div class=\"elementor-column elementor-col-50 elementor-inner-column elementor-element elementor-element-36ccf967\" data-id=\"36ccf967\" data-element_type=\"column\">\n\t\t\t<div class=\"elementor-widget-wrap\">\n\t\t\t\t\t\t\t<\/div>\n\t\t<\/div>\n\t\t\t\t<div class=\"elementor-column elementor-col-50 elementor-inner-column elementor-element elementor-element-13981bab\" data-id=\"13981bab\" data-element_type=\"column\">\n\t\t\t<div class=\"elementor-widget-wrap\">\n\t\t\t\t\t\t\t<\/div>\n\t\t<\/div>\n\t\t\t\t\t<\/div>\n\t\t<\/section>\n\t\t\t\t\t<\/div>\n\t\t<\/div>\n\t\t\t\t\t<\/div>\n\t\t<\/section>\n\t\t\t\t<section class=\"elementor-section elementor-top-section elementor-element elementor-element-b31dd83 elementor-section-boxed elementor-section-height-default elementor-section-height-default\" data-id=\"b31dd83\" data-element_type=\"section\">\n\t\t\t\t\t\t<div class=\"elementor-container elementor-column-gap-default\">\n\t\t\t\t\t<div class=\"elementor-column elementor-col-100 elementor-top-column elementor-element elementor-element-7bd37b5\" data-id=\"7bd37b5\" data-element_type=\"column\">\n\t\t\t<div class=\"elementor-widget-wrap elementor-element-populated\">\n\t\t\t\t\t\t<div class=\"elementor-element elementor-element-7b8406f elementor-widget elementor-widget-heading\" data-id=\"7b8406f\" data-element_type=\"widget\" data-widget_type=\"heading.default\">\n\t\t\t\t<div class=\"elementor-widget-container\">\n\t\t\t<h2 class=\"elementor-heading-title elementor-size-default\">Ayudas a inversiones empresariales<\/h2>\t\t<\/div>\n\t\t\t\t<\/div>\n\t\t\t\t<div class=\"elementor-element elementor-element-a79aff3 elementor-widget elementor-widget-menu-anchor\" data-id=\"a79aff3\" data-element_type=\"widget\" data-widget_type=\"menu-anchor.default\">\n\t\t\t\t<div class=\"elementor-widget-container\">\n\t\t\t\t\t<div class=\"elementor-menu-anchor\" id=\"quan\"><\/div>\n\t\t\t\t<\/div>\n\t\t\t\t<\/div>\n\t\t\t\t<div class=\"elementor-element elementor-element-caac06e elementor-widget elementor-widget-accordion\" data-id=\"caac06e\" data-element_type=\"widget\" data-widget_type=\"accordion.default\">\n\t\t\t\t<div class=\"elementor-widget-container\">\n\t\t\t\t\t<div class=\"elementor-accordion\">\n\t\t\t\t\t\t\t<div class=\"elementor-accordion-item\">\n\t\t\t\t\t<div id=\"elementor-tab-title-2121\" class=\"elementor-tab-title\" data-tab=\"1\" role=\"button\" aria-controls=\"elementor-tab-content-2121\" aria-expanded=\"false\">\n\t\t\t\t\t\t\t\t\t\t\t\t\t<span class=\"elementor-accordion-icon elementor-accordion-icon-left\" aria-hidden=\"true\">\n\t\t\t\t\t\t\t\t\t\t\t\t\t\t\t<span class=\"elementor-accordion-icon-closed\"><i class=\"fas fa-plus\"><\/i><\/span>\n\t\t\t\t\t\t\t\t<span class=\"elementor-accordion-icon-opened\"><i class=\"fas fa-minus\"><\/i><\/span>\n\t\t\t\t\t\t\t\t\t\t\t\t\t\t<\/span>\n\t\t\t\t\t\t\t\t\t\t\t\t<a class=\"elementor-accordion-title\" tabindex=\"0\">Subvenciones de apoyo a proyectos de reindustrializaci\u00f3n en Catalu\u00f1a<\/a>\n\t\t\t\t\t<\/div>\n\t\t\t\t\t<div id=\"elementor-tab-content-2121\" class=\"elementor-tab-content elementor-clearfix\" data-tab=\"1\" role=\"region\" aria-labelledby=\"elementor-tab-title-2121\"><p>ACCI\u00d3N <strong>convoca<\/strong> las subvenciones a proyectos de reindustrializaci\u00f3n para centros productivos objeto de cierre o deslocalizaci\u00f3n. Para m\u00e1s informaci\u00f3n, solic\u00edtelo desde el apartado de Contacto de la web.<\/p><\/div>\n\t\t\t\t<\/div>\n\t\t\t\t\t\t\t<div class=\"elementor-accordion-item\">\n\t\t\t\t\t<div id=\"elementor-tab-title-2122\" class=\"elementor-tab-title\" data-tab=\"2\" role=\"button\" aria-controls=\"elementor-tab-content-2122\" aria-expanded=\"false\">\n\t\t\t\t\t\t\t\t\t\t\t\t\t<span class=\"elementor-accordion-icon elementor-accordion-icon-left\" aria-hidden=\"true\">\n\t\t\t\t\t\t\t\t\t\t\t\t\t\t\t<span class=\"elementor-accordion-icon-closed\"><i class=\"fas fa-plus\"><\/i><\/span>\n\t\t\t\t\t\t\t\t<span class=\"elementor-accordion-icon-opened\"><i class=\"fas fa-minus\"><\/i><\/span>\n\t\t\t\t\t\t\t\t\t\t\t\t\t\t<\/span>\n\t\t\t\t\t\t\t\t\t\t\t\t<a class=\"elementor-accordion-title\" tabindex=\"0\">Convocatoria de subvenciones para proyectos de inversiones productivas 2023<\/a>\n\t\t\t\t\t<\/div>\n\t\t\t\t\t<div id=\"elementor-tab-content-2122\" class=\"elementor-tab-content elementor-clearfix\" data-tab=\"2\" role=\"region\" aria-labelledby=\"elementor-tab-title-2122\"><p>ACCI\u00d3 abre la convocatoria online de la l\u00ednea de subvenciones para proyectos de inversiones productivas que mejoren la competitividad, el impacto en el grado de sostenibilidad ambiental y la digitalizaci\u00f3n en empresas industriales. Para m\u00e1s informaci\u00f3n, solic\u00edtelo desde el apartado de Contacto de la web.<\/p><\/div>\n\t\t\t\t<\/div>\n\t\t\t\t\t\t\t\t<\/div>\n\t\t\t\t<\/div>\n\t\t\t\t<\/div>\n\t\t\t\t<div class=\"elementor-element elementor-element-900d5c6 elementor-widget elementor-widget-spacer\" data-id=\"900d5c6\" data-element_type=\"widget\" data-widget_type=\"spacer.default\">\n\t\t\t\t<div class=\"elementor-widget-container\">\n\t\t\t\t\t<div class=\"elementor-spacer\">\n\t\t\t<div class=\"elementor-spacer-inner\"><\/div>\n\t\t<\/div>\n\t\t\t\t<\/div>\n\t\t\t\t<\/div>\n\t\t\t\t<div class=\"elementor-element elementor-element-2a48984 elementor-widget elementor-widget-heading\" data-id=\"2a48984\" data-element_type=\"widget\" data-widget_type=\"heading.default\">\n\t\t\t\t<div class=\"elementor-widget-container\">\n\t\t\t<h2 class=\"elementor-heading-title elementor-size-default\">Ayudas de proyectos de I+D<\/h2>\t\t<\/div>\n\t\t\t\t<\/div>\n\t\t\t\t<div class=\"elementor-element elementor-element-1228600 elementor-widget elementor-widget-accordion\" data-id=\"1228600\" data-element_type=\"widget\" data-widget_type=\"accordion.default\">\n\t\t\t\t<div class=\"elementor-widget-container\">\n\t\t\t\t\t<div class=\"elementor-accordion\">\n\t\t\t\t\t\t\t<div class=\"elementor-accordion-item\">\n\t\t\t\t\t<div id=\"elementor-tab-title-1901\" class=\"elementor-tab-title\" data-tab=\"1\" role=\"button\" aria-controls=\"elementor-tab-content-1901\" aria-expanded=\"false\">\n\t\t\t\t\t\t\t\t\t\t\t\t\t<span class=\"elementor-accordion-icon elementor-accordion-icon-left\" aria-hidden=\"true\">\n\t\t\t\t\t\t\t\t\t\t\t\t\t\t\t<span class=\"elementor-accordion-icon-closed\"><i class=\"fas fa-plus\"><\/i><\/span>\n\t\t\t\t\t\t\t\t<span class=\"elementor-accordion-icon-opened\"><i class=\"fas fa-minus\"><\/i><\/span>\n\t\t\t\t\t\t\t\t\t\t\t\t\t\t<\/span>\n\t\t\t\t\t\t\t\t\t\t\t\t<a class=\"elementor-accordion-title\" tabindex=\"0\">Subvenciones de apoyo a proyectos de reindustrializaci\u00f3n en Catalu\u00f1a<\/a>\n\t\t\t\t\t<\/div>\n\t\t\t\t\t<div id=\"elementor-tab-content-1901\" class=\"elementor-tab-content elementor-clearfix\" data-tab=\"1\" role=\"region\" aria-labelledby=\"elementor-tab-title-1901\"><p>ACCI\u00d3 convoca las subvenciones a proyectos de reindustrializaci\u00f3n para centros productivos objeto de cierre o deslocalizaci\u00f3n. Para m\u00e1s informaci\u00f3n, solic\u00edtelo desde el apartado de Contacto de la web.<\/p><\/div>\n\t\t\t\t<\/div>\n\t\t\t\t\t\t\t<div class=\"elementor-accordion-item\">\n\t\t\t\t\t<div id=\"elementor-tab-title-1902\" class=\"elementor-tab-title\" data-tab=\"2\" role=\"button\" aria-controls=\"elementor-tab-content-1902\" aria-expanded=\"false\">\n\t\t\t\t\t\t\t\t\t\t\t\t\t<span class=\"elementor-accordion-icon elementor-accordion-icon-left\" aria-hidden=\"true\">\n\t\t\t\t\t\t\t\t\t\t\t\t\t\t\t<span class=\"elementor-accordion-icon-closed\"><i class=\"fas fa-plus\"><\/i><\/span>\n\t\t\t\t\t\t\t\t<span class=\"elementor-accordion-icon-opened\"><i class=\"fas fa-minus\"><\/i><\/span>\n\t\t\t\t\t\t\t\t\t\t\t\t\t\t<\/span>\n\t\t\t\t\t\t\t\t\t\t\t\t<a class=\"elementor-accordion-title\" tabindex=\"0\">Convocatoria de subvenciones para proyectos de inversiones productivas 2023<\/a>\n\t\t\t\t\t<\/div>\n\t\t\t\t\t<div id=\"elementor-tab-content-1902\" class=\"elementor-tab-content elementor-clearfix\" data-tab=\"2\" role=\"region\" aria-labelledby=\"elementor-tab-title-1902\"><p>ACCI\u00d3 abre la convocatoria online de la l\u00ednea de subvenciones para proyectos de inversiones productivas que mejoren la competitividad, el impacto en el grado de sostenibilidad ambiental y la digitalizaci\u00f3n en empresas industriales. Para m\u00e1s informaci\u00f3n, solic\u00edtelo desde el apartado de Contacto de la web.<\/p><\/div>\n\t\t\t\t<\/div>\n\t\t\t\t\t\t\t\t<\/div>\n\t\t\t\t<\/div>\n\t\t\t\t<\/div>\n\t\t\t\t\t<\/div>\n\t\t<\/div>\n\t\t\t\t\t<\/div>\n\t\t<\/section>\n\t\t\t\t<section class=\"elementor-section elementor-top-section elementor-element elementor-element-5e4c59dc elementor-section-full_width elementor-section-height-min-height elementor-hidden-mobile elementor-section-height-default elementor-section-items-middle\" data-id=\"5e4c59dc\" data-element_type=\"section\">\n\t\t\t\t\t\t<div class=\"elementor-container elementor-column-gap-default\">\n\t\t\t\t\t<div class=\"elementor-column elementor-col-100 elementor-top-column elementor-element elementor-element-528a4c1f\" data-id=\"528a4c1f\" data-element_type=\"column\">\n\t\t\t<div class=\"elementor-widget-wrap elementor-element-populated\">\n\t\t\t\t\t\t<section class=\"elementor-section elementor-inner-section elementor-element elementor-element-2580a6d7 elementor-section-boxed elementor-section-height-default elementor-section-height-default\" data-id=\"2580a6d7\" data-element_type=\"section\">\n\t\t\t\t\t\t<div class=\"elementor-container elementor-column-gap-default\">\n\t\t\t\t\t<div class=\"elementor-column elementor-col-50 elementor-inner-column elementor-element elementor-element-1480cbcf\" data-id=\"1480cbcf\" data-element_type=\"column\">\n\t\t\t<div class=\"elementor-widget-wrap\">\n\t\t\t\t\t\t\t<\/div>\n\t\t<\/div>\n\t\t\t\t<div class=\"elementor-column elementor-col-50 elementor-inner-column elementor-element elementor-element-7d5149fc\" data-id=\"7d5149fc\" data-element_type=\"column\">\n\t\t\t<div class=\"elementor-widget-wrap\">\n\t\t\t\t\t\t\t<\/div>\n\t\t<\/div>\n\t\t\t\t\t<\/div>\n\t\t<\/section>\n\t\t\t\t\t<\/div>\n\t\t<\/div>\n\t\t\t\t\t<\/div>\n\t\t<\/section>\n\t\t\t\t<\/div>","protected":false},"excerpt":{"rendered":"<p>Convocatories Ajuts a inversions empresarials Subvencions de suport a projectes de reindustrialitzaci\u00f3 a Catalunya ACCI\u00d3 convoca les subvencions a projectes de reindustrialitzaci\u00f3 per a centres productius objecte de tancament o deslocalitzaci\u00f3. Per a m\u00e9s informaci\u00f3, sol\u00b7liciteu-ho des de l&#8217;apartat de Contacte de la web. Convocat\u00f2ria de subvencions per a projectes d&#8217;inversions productives 2023 ACCI\u00d3 obre [&hellip;]<\/p>","protected":false},"author":1,"featured_media":0,"parent":0,"menu_order":0,"comment_status":"closed","ping_status":"closed","template":"elementor_header_footer","meta":{"footnotes":""},"class_list":["post-2001","page","type-page","status-publish","hentry"],"yoast_head":"<!-- This site is optimized with the Yoast SEO plugin v23.8 - https:\/\/yoast.com\/wordpress\/plugins\/seo\/ -->\n<title>Convocatories - Arca Plus<\/title>\n<meta name=\"robots\" content=\"index, follow, max-snippet:-1, max-image-preview:large, max-video-preview:-1\" \/>\n<link rel=\"canonical\" href=\"https:\/\/arca-plus.com\/es\/convocatorias\/\" \/>\n<meta property=\"og:locale\" content=\"es_ES\" \/>\n<meta property=\"og:type\" content=\"article\" \/>\n<meta property=\"og:title\" content=\"Convocatories - Arca Plus\" \/>\n<meta property=\"og:description\" content=\"Convocatories Ajuts a inversions empresarials Subvencions de suport a projectes de reindustrialitzaci\u00f3 a Catalunya ACCI\u00d3 convoca les subvencions a projectes de reindustrialitzaci\u00f3 per a centres productius objecte de tancament o deslocalitzaci\u00f3. Per a m\u00e9s informaci\u00f3, sol\u00b7liciteu-ho des de l&#8217;apartat de Contacte de la web. Convocat\u00f2ria de subvencions per a projectes d&#8217;inversions productives 2023 ACCI\u00d3 obre [&hellip;]\" \/>\n<meta property=\"og:url\" content=\"https:\/\/arca-plus.com\/es\/convocatorias\/\" \/>\n<meta property=\"og:site_name\" content=\"Arca Plus\" \/>\n<meta property=\"article:modified_time\" content=\"2024-10-15T07:35:47+00:00\" \/>\n<meta name=\"twitter:card\" content=\"summary_large_image\" \/>\n<meta name=\"twitter:label1\" content=\"Tiempo de lectura\" \/>\n\t<meta name=\"twitter:data1\" content=\"2 minutos\" \/>\n<script type=\"application\/ld+json\" class=\"yoast-schema-graph\">{\"@context\":\"https:\/\/schema.org\",\"@graph\":[{\"@type\":\"WebPage\",\"@id\":\"https:\/\/arca-plus.com\/convocatories\/\",\"url\":\"https:\/\/arca-plus.com\/convocatories\/\",\"name\":\"Convocatories - Arca Plus\",\"isPartOf\":{\"@id\":\"https:\/\/arca-plus.com\/#website\"},\"datePublished\":\"2023-07-24T09:28:30+00:00\",\"dateModified\":\"2024-10-15T07:35:47+00:00\",\"breadcrumb\":{\"@id\":\"https:\/\/arca-plus.com\/convocatories\/#breadcrumb\"},\"inLanguage\":\"es\",\"potentialAction\":[{\"@type\":\"ReadAction\",\"target\":[\"https:\/\/arca-plus.com\/convocatories\/\"]}]},{\"@type\":\"BreadcrumbList\",\"@id\":\"https:\/\/arca-plus.com\/convocatories\/#breadcrumb\",\"itemListElement\":[{\"@type\":\"ListItem\",\"position\":1,\"name\":\"Home\",\"item\":\"https:\/\/arca-plus.com\/\"},{\"@type\":\"ListItem\",\"position\":2,\"name\":\"Convocatories\"}]},{\"@type\":\"WebSite\",\"@id\":\"https:\/\/arca-plus.com\/#website\",\"url\":\"https:\/\/arca-plus.com\/\",\"name\":\"Arca Plus\",\"description\":\"\",\"publisher\":{\"@id\":\"https:\/\/arca-plus.com\/#organization\"},\"potentialAction\":[{\"@type\":\"SearchAction\",\"target\":{\"@type\":\"EntryPoint\",\"urlTemplate\":\"https:\/\/arca-plus.com\/?s={search_term_string}\"},\"query-input\":{\"@type\":\"PropertyValueSpecification\",\"valueRequired\":true,\"valueName\":\"search_term_string\"}}],\"inLanguage\":\"es\"},{\"@type\":\"Organization\",\"@id\":\"https:\/\/arca-plus.com\/#organization\",\"name\":\"Arca Plus\",\"url\":\"https:\/\/arca-plus.com\/\",\"logo\":{\"@type\":\"ImageObject\",\"inLanguage\":\"es\",\"@id\":\"https:\/\/arca-plus.com\/#\/schema\/logo\/image\/\",\"url\":\"https:\/\/arca-plus.com\/wp-content\/uploads\/2023\/03\/cropped-Arca-Plus.png\",\"contentUrl\":\"https:\/\/arca-plus.com\/wp-content\/uploads\/2023\/03\/cropped-Arca-Plus.png\",\"width\":300,\"height\":80,\"caption\":\"Arca Plus\"},\"image\":{\"@id\":\"https:\/\/arca-plus.com\/#\/schema\/logo\/image\/\"}}]}<\/script>\n<!-- \/ Yoast SEO plugin. -->","yoast_head_json":{"title":"Convocatories - Arca Plus","robots":{"index":"index","follow":"follow","max-snippet":"max-snippet:-1","max-image-preview":"max-image-preview:large","max-video-preview":"max-video-preview:-1"},"canonical":"https:\/\/arca-plus.com\/es\/convocatorias\/","og_locale":"es_ES","og_type":"article","og_title":"Convocatories - Arca Plus","og_description":"Convocatories Ajuts a inversions empresarials Subvencions de suport a projectes de reindustrialitzaci\u00f3 a Catalunya ACCI\u00d3 convoca les subvencions a projectes de reindustrialitzaci\u00f3 per a centres productius objecte de tancament o deslocalitzaci\u00f3. Per a m\u00e9s informaci\u00f3, sol\u00b7liciteu-ho des de l&#8217;apartat de Contacte de la web. Convocat\u00f2ria de subvencions per a projectes d&#8217;inversions productives 2023 ACCI\u00d3 obre [&hellip;]","og_url":"https:\/\/arca-plus.com\/es\/convocatorias\/","og_site_name":"Arca Plus","article_modified_time":"2024-10-15T07:35:47+00:00","twitter_card":"summary_large_image","twitter_misc":{"Tiempo de lectura":"2 minutos"},"schema":{"@context":"https:\/\/schema.org","@graph":[{"@type":"WebPage","@id":"https:\/\/arca-plus.com\/convocatories\/","url":"https:\/\/arca-plus.com\/convocatories\/","name":"Convocatories - Arca Plus","isPartOf":{"@id":"https:\/\/arca-plus.com\/#website"},"datePublished":"2023-07-24T09:28:30+00:00","dateModified":"2024-10-15T07:35:47+00:00","breadcrumb":{"@id":"https:\/\/arca-plus.com\/convocatories\/#breadcrumb"},"inLanguage":"es","potentialAction":[{"@type":"ReadAction","target":["https:\/\/arca-plus.com\/convocatories\/"]}]},{"@type":"BreadcrumbList","@id":"https:\/\/arca-plus.com\/convocatories\/#breadcrumb","itemListElement":[{"@type":"ListItem","position":1,"name":"Home","item":"https:\/\/arca-plus.com\/"},{"@type":"ListItem","position":2,"name":"Convocatories"}]},{"@type":"WebSite","@id":"https:\/\/arca-plus.com\/#website","url":"https:\/\/arca-plus.com\/","name":"Arca Plus","description":"","publisher":{"@id":"https:\/\/arca-plus.com\/#organization"},"potentialAction":[{"@type":"SearchAction","target":{"@type":"EntryPoint","urlTemplate":"https:\/\/arca-plus.com\/?s={search_term_string}"},"query-input":{"@type":"PropertyValueSpecification","valueRequired":true,"valueName":"search_term_string"}}],"inLanguage":"es"},{"@type":"Organization","@id":"https:\/\/arca-plus.com\/#organization","name":"Arca Plus","url":"https:\/\/arca-plus.com\/","logo":{"@type":"ImageObject","inLanguage":"es","@id":"https:\/\/arca-plus.com\/#\/schema\/logo\/image\/","url":"https:\/\/arca-plus.com\/wp-content\/uploads\/2023\/03\/cropped-Arca-Plus.png","contentUrl":"https:\/\/arca-plus.com\/wp-content\/uploads\/2023\/03\/cropped-Arca-Plus.png","width":300,"height":80,"caption":"Arca Plus"},"image":{"@id":"https:\/\/arca-plus.com\/#\/schema\/logo\/image\/"}}]}},"_links":{"self":[{"href":"https:\/\/arca-plus.com\/es\/wp-json\/wp\/v2\/pages\/2001","targetHints":{"allow":["GET"]}}],"collection":[{"href":"https:\/\/arca-plus.com\/es\/wp-json\/wp\/v2\/pages"}],"about":[{"href":"https:\/\/arca-plus.com\/es\/wp-json\/wp\/v2\/types\/page"}],"author":[{"embeddable":true,"href":"https:\/\/arca-plus.com\/es\/wp-json\/wp\/v2\/users\/1"}],"replies":[{"embeddable":true,"href":"https:\/\/arca-plus.com\/es\/wp-json\/wp\/v2\/comments?post=2001"}],"version-history":[{"count":71,"href":"https:\/\/arca-plus.com\/es\/wp-json\/wp\/v2\/pages\/2001\/revisions"}],"predecessor-version":[{"id":2805,"href":"https:\/\/arca-plus.com\/es\/wp-json\/wp\/v2\/pages\/2001\/revisions\/2805"}],"wp:attachment":[{"href":"https:\/\/arca-plus.com\/es\/wp-json\/wp\/v2\/media?parent=2001"}],"curies":[{"name":"wp","href":"https:\/\/api.w.org\/{rel}","templated":true}]}}