{"id":88,"date":"2023-03-23T07:46:22","date_gmt":"2023-03-23T07:46:22","guid":{"rendered":"http:\/\/arca-plus.com\/?page_id=88"},"modified":"2024-10-15T08:35:54","modified_gmt":"2024-10-15T07:35:54","slug":"politiques-de-cookies","status":"publish","type":"page","link":"https:\/\/arca-plus.com\/es\/politicas-de-cookies\/","title":{"rendered":"Pol\u00edticas de cookies"},"content":{"rendered":"<div data-elementor-type=\"wp-page\" data-elementor-id=\"88\" class=\"elementor elementor-88\" data-elementor-post-type=\"page\">\n\t\t\t\t\t\t<section class=\"elementor-section elementor-top-section elementor-element elementor-element-498efc1 elementor-section-full_width elementor-section-height-min-height elementor-section-height-default elementor-section-items-middle\" data-id=\"498efc1\" data-element_type=\"section\" data-settings=\"{&quot;background_background&quot;:&quot;classic&quot;}\">\n\t\t\t\t\t\t\t<div class=\"elementor-background-overlay\"><\/div>\n\t\t\t\t\t\t\t<div class=\"elementor-container elementor-column-gap-no\">\n\t\t\t\t\t<div class=\"elementor-column elementor-col-100 elementor-top-column elementor-element elementor-element-f3cbc4a\" data-id=\"f3cbc4a\" data-element_type=\"column\">\n\t\t\t<div class=\"elementor-widget-wrap elementor-element-populated\">\n\t\t\t\t\t\t<section class=\"elementor-section elementor-inner-section elementor-element elementor-element-59b9a3c elementor-section-boxed elementor-section-height-default elementor-section-height-default\" data-id=\"59b9a3c\" data-element_type=\"section\">\n\t\t\t\t\t\t<div class=\"elementor-container elementor-column-gap-default\">\n\t\t\t\t\t<div class=\"elementor-column elementor-col-100 elementor-inner-column elementor-element elementor-element-13234b7\" data-id=\"13234b7\" data-element_type=\"column\">\n\t\t\t<div class=\"elementor-widget-wrap elementor-element-populated\">\n\t\t\t\t\t\t<div class=\"elementor-element elementor-element-319064f elementor-widget elementor-widget-text-editor\" data-id=\"319064f\" data-element_type=\"widget\" data-widget_type=\"text-editor.default\">\n\t\t\t\t<div class=\"elementor-widget-container\">\n\t\t\t\t\t\t\t<p>Pol\u00edticas de cookies<\/p>\t\t\t\t\t\t<\/div>\n\t\t\t\t<\/div>\n\t\t\t\t\t<\/div>\n\t\t<\/div>\n\t\t\t\t\t<\/div>\n\t\t<\/section>\n\t\t\t\t\t<\/div>\n\t\t<\/div>\n\t\t\t\t\t<\/div>\n\t\t<\/section>\n\t\t\t\t<section class=\"elementor-section elementor-top-section elementor-element elementor-element-87d5234 elementor-section-full_width elementor-section-height-min-height elementor-hidden-mobile elementor-section-height-default elementor-section-items-middle\" data-id=\"87d5234\" data-element_type=\"section\">\n\t\t\t\t\t\t<div class=\"elementor-container elementor-column-gap-default\">\n\t\t\t\t\t<div class=\"elementor-column elementor-col-100 elementor-top-column elementor-element elementor-element-7cbc21d\" data-id=\"7cbc21d\" data-element_type=\"column\">\n\t\t\t<div class=\"elementor-widget-wrap\">\n\t\t\t\t\t\t\t<\/div>\n\t\t<\/div>\n\t\t\t\t\t<\/div>\n\t\t<\/section>\n\t\t\t\t<section class=\"elementor-section elementor-top-section elementor-element elementor-element-f245f56 elementor-section-boxed elementor-section-height-default elementor-section-height-default\" data-id=\"f245f56\" data-element_type=\"section\">\n\t\t\t\t\t\t<div class=\"elementor-container elementor-column-gap-default\">\n\t\t\t\t\t<div class=\"elementor-column elementor-col-100 elementor-top-column elementor-element elementor-element-c90e520\" data-id=\"c90e520\" data-element_type=\"column\">\n\t\t\t<div class=\"elementor-widget-wrap elementor-element-populated\">\n\t\t\t\t\t\t<section class=\"elementor-section elementor-inner-section elementor-element elementor-element-b1033b1 elementor-section-content-middle elementor-section-boxed elementor-section-height-default elementor-section-height-default\" data-id=\"b1033b1\" data-element_type=\"section\" data-settings=\"{&quot;background_background&quot;:&quot;classic&quot;}\">\n\t\t\t\t\t\t<div class=\"elementor-container elementor-column-gap-default\">\n\t\t\t\t\t<div class=\"elementor-column elementor-col-100 elementor-inner-column elementor-element elementor-element-456aa47\" data-id=\"456aa47\" data-element_type=\"column\">\n\t\t\t<div class=\"elementor-widget-wrap elementor-element-populated\">\n\t\t\t\t\t\t<div class=\"elementor-element elementor-element-3d59139 elementor-widget elementor-widget-text-editor\" data-id=\"3d59139\" data-element_type=\"widget\" data-widget_type=\"text-editor.default\">\n\t\t\t\t<div class=\"elementor-widget-container\">\n\t\t\t\t\t\t\t<p><strong>ARCAPLUS<\/strong> somos una consultor\u00eda empresarial dedicada a la gesti\u00f3n integral de ayudas p\u00fablicas (Subvenciones, Financiaciones y Deducciones Fiscales) para proyectos de inversi\u00f3n en activos y de actividades de I+D+i de proyectos tecnol\u00f3gicos.<\/p><p><strong>ARCAPLUS<\/strong> eval\u00faa y estudia todas las posibilidades que tienen nuestros clientes en el momento de solicitar ayudas o financiaciones. A partir de un buen asesoramiento, sus inversiones pueden recibir un incentivo econ\u00f3mico a trav\u00e9s de subvenciones a fondo perdido y\/o pr\u00e9stamos p\u00fablicos que ayudar\u00e1n a rentabilizar y retornar sus inversiones minimizando su impacto y coste financiero.<\/p>\t\t\t\t\t\t<\/div>\n\t\t\t\t<\/div>\n\t\t\t\t\t<\/div>\n\t\t<\/div>\n\t\t\t\t\t<\/div>\n\t\t<\/section>\n\t\t\t\t\t<\/div>\n\t\t<\/div>\n\t\t\t\t\t<\/div>\n\t\t<\/section>\n\t\t\t\t<section class=\"elementor-section elementor-top-section elementor-element elementor-element-6d6cbdc elementor-section-full_width elementor-section-height-min-height elementor-hidden-mobile elementor-section-height-default elementor-section-items-middle\" data-id=\"6d6cbdc\" data-element_type=\"section\">\n\t\t\t\t\t\t<div class=\"elementor-container elementor-column-gap-default\">\n\t\t\t\t\t<div class=\"elementor-column elementor-col-100 elementor-top-column elementor-element elementor-element-db4e560\" data-id=\"db4e560\" data-element_type=\"column\">\n\t\t\t<div class=\"elementor-widget-wrap\">\n\t\t\t\t\t\t\t<\/div>\n\t\t<\/div>\n\t\t\t\t\t<\/div>\n\t\t<\/section>\n\t\t\t\t<\/div>","protected":false},"excerpt":{"rendered":"<p>Pol\u00edtiques de cookies ARCAPLUS somos una consultor\u00eda empresarial dedicada a la gesti\u00f3n integral de ayudas p\u00fablicas (Subvenciones, Financiaciones y Deducciones Fiscales) para proyectos de inversi\u00f3n en activos y de actividades de I + D + y de proyectos tecnol\u00f3gicos. ARCAPLUS eval\u00faa y estudia todas las posibilidades que tienen nuestros clientes en el momento de solicitar [&hellip;]<\/p>","protected":false},"author":1,"featured_media":0,"parent":0,"menu_order":0,"comment_status":"closed","ping_status":"closed","template":"","meta":{"footnotes":""},"class_list":["post-88","page","type-page","status-publish","hentry"],"yoast_head":"<!-- This site is optimized with the Yoast SEO plugin v23.8 - https:\/\/yoast.com\/wordpress\/plugins\/seo\/ -->\n<title>Pol\u00edtiques de cookies - Arca Plus<\/title>\n<meta name=\"robots\" content=\"noindex, nofollow\" \/>\n<meta property=\"og:locale\" content=\"es_ES\" \/>\n<meta property=\"og:type\" content=\"article\" \/>\n<meta property=\"og:title\" content=\"Pol\u00edtiques de cookies - Arca Plus\" \/>\n<meta property=\"og:description\" content=\"Pol\u00edtiques de cookies ARCAPLUS somos una consultor\u00eda empresarial dedicada a la gesti\u00f3n integral de ayudas p\u00fablicas (Subvenciones, Financiaciones y Deducciones Fiscales) para proyectos de inversi\u00f3n en activos y de actividades de I + D + y de proyectos tecnol\u00f3gicos. ARCAPLUS eval\u00faa y estudia todas las posibilidades que tienen nuestros clientes en el momento de solicitar [&hellip;]\" \/>\n<meta property=\"og:url\" content=\"https:\/\/arca-plus.com\/es\/politicas-de-cookies\/\" \/>\n<meta property=\"og:site_name\" content=\"Arca Plus\" \/>\n<meta property=\"article:modified_time\" content=\"2024-10-15T07:35:54+00:00\" \/>\n<meta name=\"twitter:card\" content=\"summary_large_image\" \/>\n<meta name=\"twitter:label1\" content=\"Tiempo de lectura\" \/>\n\t<meta name=\"twitter:data1\" content=\"1 minuto\" \/>\n<script type=\"application\/ld+json\" class=\"yoast-schema-graph\">{\"@context\":\"https:\/\/schema.org\",\"@graph\":[{\"@type\":\"WebPage\",\"@id\":\"https:\/\/arca-plus.com\/politiques-de-cookies\/\",\"url\":\"https:\/\/arca-plus.com\/politiques-de-cookies\/\",\"name\":\"Pol\u00edtiques de cookies - Arca Plus\",\"isPartOf\":{\"@id\":\"https:\/\/arca-plus.com\/#website\"},\"datePublished\":\"2023-03-23T07:46:22+00:00\",\"dateModified\":\"2024-10-15T07:35:54+00:00\",\"breadcrumb\":{\"@id\":\"https:\/\/arca-plus.com\/politiques-de-cookies\/#breadcrumb\"},\"inLanguage\":\"es\",\"potentialAction\":[{\"@type\":\"ReadAction\",\"target\":[\"https:\/\/arca-plus.com\/politiques-de-cookies\/\"]}]},{\"@type\":\"BreadcrumbList\",\"@id\":\"https:\/\/arca-plus.com\/politiques-de-cookies\/#breadcrumb\",\"itemListElement\":[{\"@type\":\"ListItem\",\"position\":1,\"name\":\"Home\",\"item\":\"https:\/\/arca-plus.com\/\"},{\"@type\":\"ListItem\",\"position\":2,\"name\":\"Pol\u00edtiques de cookies\"}]},{\"@type\":\"WebSite\",\"@id\":\"https:\/\/arca-plus.com\/#website\",\"url\":\"https:\/\/arca-plus.com\/\",\"name\":\"Arca Plus\",\"description\":\"\",\"publisher\":{\"@id\":\"https:\/\/arca-plus.com\/#organization\"},\"potentialAction\":[{\"@type\":\"SearchAction\",\"target\":{\"@type\":\"EntryPoint\",\"urlTemplate\":\"https:\/\/arca-plus.com\/?s={search_term_string}\"},\"query-input\":{\"@type\":\"PropertyValueSpecification\",\"valueRequired\":true,\"valueName\":\"search_term_string\"}}],\"inLanguage\":\"es\"},{\"@type\":\"Organization\",\"@id\":\"https:\/\/arca-plus.com\/#organization\",\"name\":\"Arca Plus\",\"url\":\"https:\/\/arca-plus.com\/\",\"logo\":{\"@type\":\"ImageObject\",\"inLanguage\":\"es\",\"@id\":\"https:\/\/arca-plus.com\/#\/schema\/logo\/image\/\",\"url\":\"https:\/\/arca-plus.com\/wp-content\/uploads\/2023\/03\/cropped-Arca-Plus.png\",\"contentUrl\":\"https:\/\/arca-plus.com\/wp-content\/uploads\/2023\/03\/cropped-Arca-Plus.png\",\"width\":300,\"height\":80,\"caption\":\"Arca Plus\"},\"image\":{\"@id\":\"https:\/\/arca-plus.com\/#\/schema\/logo\/image\/\"}}]}<\/script>\n<!-- \/ Yoast SEO plugin. -->","yoast_head_json":{"title":"Pol\u00edtiques de cookies - Arca Plus","robots":{"index":"noindex","follow":"nofollow"},"og_locale":"es_ES","og_type":"article","og_title":"Pol\u00edtiques de cookies - Arca Plus","og_description":"Pol\u00edtiques de cookies ARCAPLUS somos una consultor\u00eda empresarial dedicada a la gesti\u00f3n integral de ayudas p\u00fablicas (Subvenciones, Financiaciones y Deducciones Fiscales) para proyectos de inversi\u00f3n en activos y de actividades de I + D + y de proyectos tecnol\u00f3gicos. ARCAPLUS eval\u00faa y estudia todas las posibilidades que tienen nuestros clientes en el momento de solicitar [&hellip;]","og_url":"https:\/\/arca-plus.com\/es\/politicas-de-cookies\/","og_site_name":"Arca Plus","article_modified_time":"2024-10-15T07:35:54+00:00","twitter_card":"summary_large_image","twitter_misc":{"Tiempo de lectura":"1 minuto"},"schema":{"@context":"https:\/\/schema.org","@graph":[{"@type":"WebPage","@id":"https:\/\/arca-plus.com\/politiques-de-cookies\/","url":"https:\/\/arca-plus.com\/politiques-de-cookies\/","name":"Pol\u00edtiques de cookies - Arca Plus","isPartOf":{"@id":"https:\/\/arca-plus.com\/#website"},"datePublished":"2023-03-23T07:46:22+00:00","dateModified":"2024-10-15T07:35:54+00:00","breadcrumb":{"@id":"https:\/\/arca-plus.com\/politiques-de-cookies\/#breadcrumb"},"inLanguage":"es","potentialAction":[{"@type":"ReadAction","target":["https:\/\/arca-plus.com\/politiques-de-cookies\/"]}]},{"@type":"BreadcrumbList","@id":"https:\/\/arca-plus.com\/politiques-de-cookies\/#breadcrumb","itemListElement":[{"@type":"ListItem","position":1,"name":"Home","item":"https:\/\/arca-plus.com\/"},{"@type":"ListItem","position":2,"name":"Pol\u00edtiques de cookies"}]},{"@type":"WebSite","@id":"https:\/\/arca-plus.com\/#website","url":"https:\/\/arca-plus.com\/","name":"Arca Plus","description":"","publisher":{"@id":"https:\/\/arca-plus.com\/#organization"},"potentialAction":[{"@type":"SearchAction","target":{"@type":"EntryPoint","urlTemplate":"https:\/\/arca-plus.com\/?s={search_term_string}"},"query-input":{"@type":"PropertyValueSpecification","valueRequired":true,"valueName":"search_term_string"}}],"inLanguage":"es"},{"@type":"Organization","@id":"https:\/\/arca-plus.com\/#organization","name":"Arca Plus","url":"https:\/\/arca-plus.com\/","logo":{"@type":"ImageObject","inLanguage":"es","@id":"https:\/\/arca-plus.com\/#\/schema\/logo\/image\/","url":"https:\/\/arca-plus.com\/wp-content\/uploads\/2023\/03\/cropped-Arca-Plus.png","contentUrl":"https:\/\/arca-plus.com\/wp-content\/uploads\/2023\/03\/cropped-Arca-Plus.png","width":300,"height":80,"caption":"Arca Plus"},"image":{"@id":"https:\/\/arca-plus.com\/#\/schema\/logo\/image\/"}}]}},"_links":{"self":[{"href":"https:\/\/arca-plus.com\/es\/wp-json\/wp\/v2\/pages\/88","targetHints":{"allow":["GET"]}}],"collection":[{"href":"https:\/\/arca-plus.com\/es\/wp-json\/wp\/v2\/pages"}],"about":[{"href":"https:\/\/arca-plus.com\/es\/wp-json\/wp\/v2\/types\/page"}],"author":[{"embeddable":true,"href":"https:\/\/arca-plus.com\/es\/wp-json\/wp\/v2\/users\/1"}],"replies":[{"embeddable":true,"href":"https:\/\/arca-plus.com\/es\/wp-json\/wp\/v2\/comments?post=88"}],"version-history":[{"count":5,"href":"https:\/\/arca-plus.com\/es\/wp-json\/wp\/v2\/pages\/88\/revisions"}],"predecessor-version":[{"id":100,"href":"https:\/\/arca-plus.com\/es\/wp-json\/wp\/v2\/pages\/88\/revisions\/100"}],"wp:attachment":[{"href":"https:\/\/arca-plus.com\/es\/wp-json\/wp\/v2\/media?parent=88"}],"curies":[{"name":"wp","href":"https:\/\/api.w.org\/{rel}","templated":true}]}}